{"id":272,"date":"2013-03-20T19:58:37","date_gmt":"2013-03-20T19:58:37","guid":{"rendered":"http:\/\/www.warteckpp.ch\/fonds\/?page_id=272"},"modified":"2014-01-23T15:58:45","modified_gmt":"2014-01-23T15:58:45","slug":"preis-fur-bblackboxx","status":"publish","type":"page","link":"https:\/\/www.warteckpp.ch\/fonds\/archiv\/preis-fur-bblackboxx","title":{"rendered":"Preis f\u00fcr BBLACKBOXX"},"content":{"rendered":"<p><img loading=\"lazy\" decoding=\"async\" class=\"wp-image-290 alignright\" style=\"border: 0px none;\" title=\"20jahre_warteck_pp_Logo_path\" src=\"http:\/\/www.warteckpp.ch\/fonds\/wp-content\/uploads\/2012\/02\/20jahre_warteck_pp_Logo_Presse21-300x164.jpg\" alt=\"\" width=\"134\" height=\"78\" \/><\/p>\n<p>am 19. April 2013 verleiht der Fonds den 1. Fonds Preis an<\/p>\n<p><strong>Almut Rembges, BBLACKBOXX<\/strong><\/p>\n<p>im Werkraum Warteck pp, Kaskadenkondensator, 19 Uhr<\/p>\n<p>Der Fonds WWpp Preis honoriert am 19. April 2013 um 19 Uhr Almut Rembges f\u00fcr ihr grosses Engagement mit dem bblackboxx Projekt mit einem Beitrag von CHF 9&#8217;000 und will mit damit auch einen kultur- und kunstpolitischen Statement setzen.Der Kunst- und Projektraum bblackboxx liegt an der Stadtgrenze von Basel, in unmittelbarer Nachbarschaft des stationierten Ausschaffungsgef\u00e4ngnisses und des Empfangs- und Verfahrenszentrums f\u00fcr Asylsuchende.<br \/>\n<a href=\"http:\/\/www.bblackboxx.ch\" target=\"_blank\">www.bblackboxx.ch<\/a><\/p>\n<p>Der Preis erh\u00e4lt die Initiantin Almut Rembges f\u00fcr ihre langj\u00e4hrige k\u00fcnstlerische Aktivit\u00e4t und ihr politisches Engagement in der Region Basel, sowie um weitere kollektive und integrative Projekte zu realisieren.<br \/>\nIm Rahmen der Preis\u00fcbergabe sprechen dazu die international t\u00e4tige ungarisch-syrische K\u00fcnstlerin und Aktivistin Roza El-Hassan und die Grossr\u00e4tin, Ethnologin und Historikerin<br \/>\nDr. Brigitta Gerber \u00fcber ihre kunst- und kulturpolitische Perspektiven.<\/p>\n<p>Der Fonds WWpp ist ein ideelles Engagement des Vereins Werkraum Warteck pp.<br \/>\nDie finanziellen Mittel des Fonds kommen aus einem Teil der Mieteinnahmen des Vereins, die monatlich durch die WWpp Raumbenutzer generiert sind.<br \/>\nSeit mehreren Jahren unterst\u00fctzt der Fonds Warteck permanent, unb\u00fcrokratisch Projekte und lanciert auch eigene Kultur- und Vermittlungsinitiativen in der Region Basel.<br \/>\nDie kulturelle Vielfalt auch ausserhalb des Werkraum Wartecks liegt der ehrenamtlich t\u00e4tigen Arbeitsgruppe am Herzen.<\/p>\n<p>Der Werkraum Warteck pp in Basel feiert dieses Jahr sein 20 J\u00e4hriges Bestehen.<br \/>\nZu diesem Jubil\u00e4um wird einmalig ein Warteck Fonds pp Preis vergeben und am 25. Mai 2013 organisiert der Fonds Warteck im ganzen Haus eine fulminante Party mit vielen Bands und k\u00fcnstlerischen Aktivit\u00e4ten.<br \/>\n<a title=\"Festival 20 Jahre WWpp\" href=\"http:\/\/www.warteckpp.ch\/fonds\/festival\" target=\"_blank\">www.warteckpp.ch\/\/fonds\/festival<\/a><\/p>\n","protected":false},"excerpt":{"rendered":"<p>am 19. April 2013 verleiht der Fonds den 1. Fonds Preis an Almut Rembges, BBLACKBOXX im Werkraum Warteck pp, Kaskadenkondensator, 19 Uhr Der Fonds WWpp Preis honoriert am 19. April 2013 um 19 Uhr Almut Rembges f\u00fcr ihr grosses Engagement &hellip; <a href=\"https:\/\/www.warteckpp.ch\/fonds\/archiv\/preis-fur-bblackboxx\">Weiterlesen <span class=\"meta-nav\">&rarr;<\/span><\/a><\/p>\n","protected":false},"author":1,"featured_media":0,"parent":102,"menu_order":0,"comment_status":"closed","ping_status":"closed","template":"","meta":{"footnotes":""},"class_list":["post-272","page","type-page","status-publish","hentry"],"_links":{"self":[{"href":"https:\/\/www.warteckpp.ch\/fonds\/wp-json\/wp\/v2\/pages\/272","targetHints":{"allow":["GET"]}}],"collection":[{"href":"https:\/\/www.warteckpp.ch\/fonds\/wp-json\/wp\/v2\/pages"}],"about":[{"href":"https:\/\/www.warteckpp.ch\/fonds\/wp-json\/wp\/v2\/types\/page"}],"author":[{"embeddable":true,"href":"https:\/\/www.warteckpp.ch\/fonds\/wp-json\/wp\/v2\/users\/1"}],"replies":[{"embeddable":true,"href":"https:\/\/www.warteckpp.ch\/fonds\/wp-json\/wp\/v2\/comments?post=272"}],"version-history":[{"count":8,"href":"https:\/\/www.warteckpp.ch\/fonds\/wp-json\/wp\/v2\/pages\/272\/revisions"}],"predecessor-version":[{"id":284,"href":"https:\/\/www.warteckpp.ch\/fonds\/wp-json\/wp\/v2\/pages\/272\/revisions\/284"}],"up":[{"embeddable":true,"href":"https:\/\/www.warteckpp.ch\/fonds\/wp-json\/wp\/v2\/pages\/102"}],"wp:attachment":[{"href":"https:\/\/www.warteckpp.ch\/fonds\/wp-json\/wp\/v2\/media?parent=272"}],"curies":[{"name":"wp","href":"https:\/\/api.w.org\/{rel}","templated":true}]}}