{"id":32,"date":"2012-02-06T13:35:40","date_gmt":"2012-02-06T13:35:40","guid":{"rendered":"http:\/\/warteckpp.ch\/fonds\/?page_id=32"},"modified":"2014-04-29T15:02:17","modified_gmt":"2014-04-29T15:02:17","slug":"cd-aktion","status":"publish","type":"page","link":"https:\/\/www.warteckpp.ch\/fonds\/archiv\/cd-aktion","title":{"rendered":"MUSIKBOX"},"content":{"rendered":"<p><strong>Ein Projekt, in dem alle GewinnerInnen sind!<\/strong><\/p>\n<div id=\"attachment_230\" style=\"width: 208px\" class=\"wp-caption alignright\"><a href=\"http:\/\/www.warteckpp.ch\/fonds\/wp-content\/uploads\/2012\/11\/box_klein.jpg\"><img loading=\"lazy\" decoding=\"async\" aria-describedby=\"caption-attachment-230\" class=\"size-medium wp-image-230\" title=\"box_klein\" src=\"http:\/\/www.warteckpp.ch\/fonds\/wp-content\/uploads\/2012\/11\/box_klein-198x300.jpg\" alt=\"Musikbox des Fonds WW pp\" width=\"198\" height=\"300\" srcset=\"https:\/\/www.warteckpp.ch\/fonds\/wp-content\/uploads\/2012\/11\/box_klein-198x300.jpg 198w, https:\/\/www.warteckpp.ch\/fonds\/wp-content\/uploads\/2012\/11\/box_klein-678x1024.jpg 678w, https:\/\/www.warteckpp.ch\/fonds\/wp-content\/uploads\/2012\/11\/box_klein.jpg 827w\" sizes=\"auto, (max-width: 198px) 100vw, 198px\" \/><\/a><p id=\"caption-attachment-230\" class=\"wp-caption-text\">Musikbox des Fonds WWpp<\/p><\/div>\n<p>Der Fonds Werkraum Warteck pp lanciert ab 1. November 2012 das Projekt <strong>\u00abMUSIKBOX\u00a0 WWpp\u00bb<\/strong>. CDs von ausgew\u00e4hlten regionalen Bands werden in verschiedenen Basler Orten zum Preis von CHF 10.- zum Verkauf angeboten. Der Basler K\u00fcnstler Remo Keller hat die 6 Musikboxen designt. Es handelt sich bei diesem Projekt um eine neue F\u00f6rderungsform, bei der mehrere Parteien gleichzeitig profitieren.<\/p>\n<p>Folgende Alben sind bereits erh\u00e4ltlich: <a title=\"Kingston we have a problem\" href=\"http:\/\/www.warteckpp.ch\/fonds\/cd-aktion\/dexter-doom-and-the-loveboat-orchestra\">Dexter Doom And The Loveboat Orchestra &#8211; Kingston we have a problem<\/a>, <a title=\"ARF and the Black Brainbow Machine\" href=\"http:\/\/www.warteckpp.ch\/fonds\/cd-aktion\/arf-and-the-black-brainbow-machine\">Arf &#8211; ARF and the Black Brainbow Machine<\/a>, <a title=\"tiger of your dreams\" href=\"http:\/\/www.warteckpp.ch\/fonds\/cd-aktion\/tiger-of-your-dreams\">Famiglia Rossi &#8211; tiger of your dreams<\/a>, <a title=\"59:59 Almost an hour\" href=\"http:\/\/www.warteckpp.ch\/fonds\/cd-aktion\/5959-almost-an-hour\">Benjamin Bordbeck &#8211; Almost an hour<\/a>, <a title=\"Con le Ali\" href=\"http:\/\/www.warteckpp.ch\/fonds\/cd-aktion\/con-le-ali\">Tre Cani &#8211; Con le Ali<\/a>, <a title=\"Suck it up!\" href=\"http:\/\/www.warteckpp.ch\/fonds\/cd-aktion\/suck-it-up\">Bitch Queens \u2013 Suck it up<\/a>, <a title=\"Fiction Folk\" href=\"http:\/\/www.warteckpp.ch\/fonds\/cd-aktion\/fiction-folk\" target=\"_blank\">INEZ &#8211; Fiction Folk<\/a>, <a title=\"Schatteboxe\" href=\"http:\/\/www.warteckpp.ch\/fonds\/cd-aktion\/schatteboxe\" target=\"_blank\">Pyro &#8211; Schatteboxe<\/a>, <a title=\"Black Sand\" href=\"http:\/\/www.warteckpp.ch\/fonds\/cd-aktion\/black-sand\" target=\"_blank\">Static Frames &#8211; Black Sand<\/a>, <a title=\"Graduus\" href=\"http:\/\/www.warteckpp.ch\/fonds\/cd-aktion\/graduus\" target=\"_blank\">Oliver Blessinger &#8211; Graduus<\/a>.<\/p>\n<p>Sp\u00e4ter sollten noch weitere Alben dazukommen von:\u00a0 Tom Swift, Jaro Milko &amp; the Cubalkanics, Ben Heret, Yolk, 5 Years Older, Radicalis Sampler<\/p>\n<p><strong>Die neue Philosophie des Fonds WWpp<\/strong><br \/>\nDer Fonds Werkraum Warteck pp unterst\u00fctzt seit 1994 Projekte aus unterschiedlichen kulturellen Sparten finanziell. Gespiesen wird der Fonds aus den Miteinahmen des Werkraum Warteck pp.<br \/>\n2009 wurde die Form der Unterst\u00fctzung neu konzipiert. Es werden nun nicht mehr wie bisher einseitig, finanzielle Beitr\u00e4ge an Kulturproduktionen bezahlt. Sondern neu Unterst\u00fctzungsprojekte lanciert, bei denen sowohl ProduzentInnen, KulturvermittlerInnen als auch eine interessierte \u00d6ffentlichkeit gleichzeitig von den Beitr\u00e4gen des Fonds WWpp profitieren k\u00f6nnen.<\/p>\n<p><strong>Was ist das Projekt Musikbox?<\/strong><br \/>\nDas Projekt \u00abMUSIKBOX\u00bb r\u00fcckt ab November 2012 regionale Musikschaffende aus den Bereichen Pop, Rock, Alternativ in den Focus der Unterst\u00fctzung.<br \/>\nBis Juni 2012 konnten lokale Musiker beim Fonds WWpp ein Gesuch zum Kauf ihrer neu produzierten oder noch in Produktion befindlichen CDs eingeben.<\/p>\n<p>Der Fonds promotet nun ab 1. November 2012, in der sogenannten \u00abMUSIKBOX\u00bb, die gekauften CDs in ausgew\u00e4hlten Basler Orten. Der in Basel stadtbekannte K\u00fcnstler Remo Keller (Milk&amp;Wodka) hat die 6 Musikboxen eigens mit seinem charakteristischen Design visuell gestaltet.<\/p>\n<p>Die Musikboxen, inklusive CDs, werden gratis an kulturellen Begegnungsorten der lokalen Alternativszene abgegeben, die so als KulturvermittlerInnen und MultiplikatorInnen fungieren. Diese sind das SUD,\u00a0 die Carambolage, das Hirscheneck, das Kulturb\u00fcro Basel, das Rocksi und das Plattfon Stampa. Die interessierte \u00d6ffentlichkeit kann hier die CDs zum reduzierten Preis von CHF 10.- erwerben. Den Erl\u00f6s der Einnahmen k\u00f6nnen die Kulturvermittler behalten.<\/p>\n<p>Damit unterst\u00fctzt das Projekt \u00abMUSIKBOX\u00bb gleichzeitig Musikschaffende wie auch die Arbeit der KulturvermittlerInnen und honoriert so ihr Engagement f\u00fcr die lokale Musikszene. Zus\u00e4tzlich profitieren auch Musikinteressierte von der Unterst\u00fctzung des Fonds WWpp, indem sie g\u00fcnstig CDs erstehen und so musikalisches Neuland entdecken k\u00f6nnen.<br \/>\nEin Projekt also, in dem alle GewinnerInnen sind!<\/p>\n<p><strong>Hier werden die CDs zum Verkauf angeboten<\/strong><br \/>\nSUD, Burgweg 7, 4058 Basel &#8211; <a href=\"http:\/\/www.sud.ch\" target=\"_blank\">www.sud.ch<\/a><br \/>\nKabar, Kaserne Basel, Klybeckstr. 1b, 4057 Basel &#8211; <a href=\"http:\/\/www.kaserne-basel.ch\" target=\"_blank\">www.kaserne-basel.ch<\/a><br \/>\nKulturb\u00fcro Basel, Florastrasse 1, 4057 Basel &#8211; <a href=\"http:\/\/www.kulturbuero.ch\" target=\"_blank\">www.kulturbuero.ch<\/a><br \/>\nKulturverein Hirscheneck, Lindenberg 23, 4058 Basel &#8211; <a href=\"http:\/\/www.hirscheneck.ch\" target=\"_blank\">www.hirscheneck.ch<\/a><br \/>\nKunsthalle Basel, Steinenberg 7, 4051 Basel &#8211; <a href=\"http:\/\/www.kunsthallebasel.ch\/\">www.kunsthallebasel.ch<\/a><br \/>\nPlattfon Stampa, PLATTFON Records, Feldbergstrasse 48, 4057 Basel &#8211; <a href=\"http:\/\/www.plattfon.ch\" target=\"_blank\">www.plattfon.ch<\/a><\/p>\n<p>&nbsp;<\/p>\n","protected":false},"excerpt":{"rendered":"<p>Ein Projekt, in dem alle GewinnerInnen sind! Der Fonds Werkraum Warteck pp lanciert ab 1. November 2012 das Projekt \u00abMUSIKBOX\u00a0 WWpp\u00bb. CDs von ausgew\u00e4hlten regionalen Bands werden in verschiedenen Basler Orten zum Preis von CHF 10.- zum Verkauf angeboten. Der &hellip; <a href=\"https:\/\/www.warteckpp.ch\/fonds\/archiv\/cd-aktion\">Weiterlesen <span class=\"meta-nav\">&rarr;<\/span><\/a><\/p>\n","protected":false},"author":1,"featured_media":0,"parent":102,"menu_order":8,"comment_status":"closed","ping_status":"closed","template":"sidebar-page.php","meta":{"footnotes":""},"class_list":["post-32","page","type-page","status-publish","hentry"],"_links":{"self":[{"href":"https:\/\/www.warteckpp.ch\/fonds\/wp-json\/wp\/v2\/pages\/32","targetHints":{"allow":["GET"]}}],"collection":[{"href":"https:\/\/www.warteckpp.ch\/fonds\/wp-json\/wp\/v2\/pages"}],"about":[{"href":"https:\/\/www.warteckpp.ch\/fonds\/wp-json\/wp\/v2\/types\/page"}],"author":[{"embeddable":true,"href":"https:\/\/www.warteckpp.ch\/fonds\/wp-json\/wp\/v2\/users\/1"}],"replies":[{"embeddable":true,"href":"https:\/\/www.warteckpp.ch\/fonds\/wp-json\/wp\/v2\/comments?post=32"}],"version-history":[{"count":28,"href":"https:\/\/www.warteckpp.ch\/fonds\/wp-json\/wp\/v2\/pages\/32\/revisions"}],"predecessor-version":[{"id":398,"href":"https:\/\/www.warteckpp.ch\/fonds\/wp-json\/wp\/v2\/pages\/32\/revisions\/398"}],"up":[{"embeddable":true,"href":"https:\/\/www.warteckpp.ch\/fonds\/wp-json\/wp\/v2\/pages\/102"}],"wp:attachment":[{"href":"https:\/\/www.warteckpp.ch\/fonds\/wp-json\/wp\/v2\/media?parent=32"}],"curies":[{"name":"wp","href":"https:\/\/api.w.org\/{rel}","templated":true}]}}