{"id":403,"date":"2014-05-08T14:22:12","date_gmt":"2014-05-08T14:22:12","guid":{"rendered":"http:\/\/www.warteckpp.ch\/fonds\/?page_id=403"},"modified":"2014-05-09T08:16:13","modified_gmt":"2014-05-09T08:16:13","slug":"die-kunst-der-steuererkaerung","status":"publish","type":"page","link":"https:\/\/www.warteckpp.ch\/fonds\/die-kunst-der-steuererkaerung","title":{"rendered":"Die Kunst der Steuererk\u00e4rung"},"content":{"rendered":"<p><strong>Infotag mit Workshop f\u00fcr Basler Kunst- und Kulturschaffende<\/strong><\/p>\n<p><strong>Samstag, 28. Juni 2014, 10.00 \u2013 15.15 Uhr, Kaskadenkondensator Basel<\/strong><\/p>\n<p>Eine Weiterbildungsveranstaltung von <strong>visarte<\/strong> Berufsverband visuelle Kunst Schweiz in Zusammenarbeit mit dem <strong>Fonds Werkraum Warteck pp<\/strong> Basel<\/p>\n<p>Mit dem richtigen Wissen geht das Ausf\u00fcllen der Steuererkl\u00e4rung einfacher. Wir verraten Ihnen, worauf es ankommt.<\/p>\n<hr \/>\n<p>Am Samstag, 28. Juni 2014 findet im Kaskadenkondensator Basel eine Tagung zum Thema <strong>\u00abDie Kunst der Steuererkl\u00e4rung\u00bb<\/strong> statt. Der Morgen besteht aus einem einf\u00fchrenden Vortrag \u00abBerufskunst versus Hobbykunst\u00bb und einer anschliessenden moderierten Fragerunde mit zwei Steuerexpertinnen und einem Steuerexperten f\u00fcr die Kantone Basel-Landschaft und Basel-Stadt.<\/p>\n<p>Es werden neben anderen folgende Fragen behandelt:<\/p>\n<ul>\n<li>Was muss ich beachten, damit die Steuerbeh\u00f6rde meine selbstst\u00e4ndige Berufst\u00e4tigkeit akzeptiert?<\/li>\n<li>Wie gebe ich Einkommen und Abz\u00fcge richtig an?<\/li>\n<li>Welche Abz\u00fcge sind zul\u00e4ssig?<\/li>\n<li>Muss ich Stipendien und Preise versteuern?<\/li>\n<li>Wie verbuche ich (mehrj\u00e4hrige) Projekte?<\/li>\n<li>Wie muss ich vorgehen, wenn ich mit der Steuerbeh\u00f6rde nicht einverstanden bin?<\/li>\n<\/ul>\n<p>Am Nachmittag gibt es Workshops zu Steuerfragen mit den drei Expertinnen und Experten, gegliedert nach pers\u00f6nlichen Interessen der Teilnehmerinnen und Teilnehmer. So zum Beispiel zu den Themen Aufbewahrungspflicht, Buchhaltung, Steuerabz\u00fcge, Abschreibungen, R\u00fcckstellungen, Sozialversicherungsabgaben usw.<\/p>\n<p>Der Fonds Werkraum Warteck pp Basel \u00fcbernimmt die Kosten des Bildungsangebotes und bietet dieses Kunst- und Kulturschaffenden aus Basel gratis an. Einziger Beitrag, der von den Teilnehmenden geleistet werden muss, ist etwas zu essen oder zu trinken f\u00fcr die Mittagstafel beizusteuern.<\/p>\n<p><strong>Anmeldung bis sp\u00e4testes Freitag, 30. Mai 2014. Die Teilnehmerzahl ist beschr\u00e4nkt.<\/strong><\/p>\n<p>http:\/\/www.warteckpp.ch\/fonds, http:\/\/www.visarte-basel.ch, http:\/\/www.visarte.ch<\/p>\n<p><a href=\"http:\/\/www.warteckpp.ch\/fonds\/wp-content\/uploads\/2014\/05\/Visarte-FWWPP-Steuertag-2014-Basel-Veranstaltungshinweis-2014-05-07.pdf\" target=\"_blank\">Download Veranstaltungshinweis und Programm<\/a><br \/>\n<a href=\"http:\/\/www.warteckpp.ch\/fonds\/wp-content\/uploads\/2014\/05\/Anmeldeformular_Steuertag_Basel_2014.pdf\" target=\"_blank\">Download Anmeldeformular<\/a><\/p>\n<hr \/>\n<h1>Die Kunst der Steuererkl\u00e4rung<\/h1>\n<ul>\n<li><strong>Datum:<\/strong>\u00a0\u00a0 \u00a0Samstag, 28. Juni 2014, 10.00 \u2013 15.15 Uhr<\/li>\n<li><strong>Veranstaltungsort:<\/strong>\u00a0\u00a0 \u00a0<a href=\"https:\/\/www.google.com\/maps\/place\/Burgweg+15\/@47.5580453,7.6012781,18z\/data=!4m2!3m1!1s0x4791b9b65c8766a3:0xf621ceae2b7bb502\" target=\"_blank\">Kaskadenkondensator, Werkraum Warteck PP, Burgweg 7\u201315, 4058 Basel<\/a><\/li>\n<li><strong>Zielpublikum:<\/strong>\u00a0\u00a0 \u00a0Basler Kunst- und Kulturschaffende, die selbstst\u00e4ndig oder teilselbstst\u00e4ndig berufst\u00e4tig sind oder es werden m\u00f6chten und ihren Steuersitz in den Kantonen Basel-Landschaft oder Basel-Stadt haben oder in Zukunft haben werden.<\/li>\n<\/ul>\n<h1>Programm:<\/h1>\n<p><strong>10.00\u00a0\u00a0 \u00a0Begr\u00fcssung<\/strong><br \/>\nMarion Ritzmann, K\u00fcnstlerin, Fonds Werkraum Warteck pp<br \/>\nEnrico Luisoni, Visarte Region Basel, Pr\u00e4sident<br \/>\n<strong>10.15\u00a0\u00a0 \u00a0Einf\u00fchrungsreferat<\/strong><br \/>\n\u00abHobbykunst versus Berufskunst\u00bb<br \/>\nPhilippe Sablonier, K\u00fcnstler<br \/>\n<strong>11.00\u00a0\u00a0 \u00a0Pause<\/strong><br \/>\n<strong>11.15\u00a0\u00a0 \u00a0Moderierte Fragerunde im Plenum mit Publikumsdiskussion mit den Expertinnen und Experten:<\/strong><br \/>\n<strong>Ursula Lehmann<\/strong>, Walder &amp; Lehmann AG, Basel<br \/>\n<strong>Simon Leuenberger<\/strong>, Buchex Treuhand AG, Basel<br \/>\n<strong>Nadia Tarolli, Vischer<\/strong> AG, Z\u00fcrich und Basel<br \/>\nModeration: Philippe Sablonier<br \/>\n<strong>12.30\u00a0\u00a0 \u00a0Mittagspause mit Imbiss<\/strong><br \/>\n<strong>13.30\u00a0\u00a0 \u00a0Workshop mit den Expertinnen und Experten \u2013 Block 1<\/strong><br \/>\n<strong>14.15\u00a0\u00a0 \u00a0Workshop mit den Expertinnen und Experten \u2013 Block 2<\/strong><br \/>\n<strong>15.00\u00a0\u00a0 \u00a0Abschluss und Hinweise<\/strong><br \/>\n<strong>15.15\u00a0\u00a0 \u00a0Ap\u00e9ro<\/strong><\/p>\n<h1>Kosten:<\/h1>\n<p>F\u00fcr Basler Kunst- und Kulturschaffende gratis (Ausw\u00e4rtige auf Anfrage) \u2013 finanziert \u00fcber den Fonds Werkraum Warteck pp. Einziger Beitrag, der von den Teilnehmenden geleistet werden muss, ist etwas zu essen oder zu trinken f\u00fcr die Mittagstafel beizusteuern (siehe Anmeldung).<\/p>\n<h1>Anmeldung:<\/h1>\n<p>Anmeldung mit <a href=\"http:\/\/www.warteckpp.ch\/fonds\/wp-content\/uploads\/2014\/05\/Anmeldeformular_Steuertag_Basel_2014.pdf\" target=\"_blank\">Anmeldeformular<\/a> per Mail an fonds@warteckpp.ch, Vermerk: Steuertag. Die Anmeldung ist verbindlich. Die Anzahl Teilnehmende ist auf 30 Personen beschr\u00e4nkt. Es wird die Reihenfolge des Eingangs ber\u00fccksichtigt.<\/p>\n<hr \/>\n<p>Visarte ist der Berufsverband der visuell schaffenden K\u00fcnstlerinnen und K\u00fcnstler in der Schweiz. Er vertritt ihre Interessen auf politischer und gesellschaftlicher Ebene.<\/p>\n<p>Der Fonds Werkraum Warteck pp ist ein ideelles Engagement des Vereins Werkraum Warteck pp. Die finanziellen Mittel stellt der Verein aus einem Teil der Mieteinnahmen f\u00fcr kulturelle Projekte zur Verf\u00fcgung. Er f\u00f6rdert im Jahr 2014 die Weiterbildung von Kunst- und Kulturschaffenden und hat daf\u00fcr Visarte mit ihrem Bildungsangebot \u00abDie Kunst der Steuererkl\u00e4rung\u00bb eingeladen.<\/p>\n<p><img loading=\"lazy\" decoding=\"async\" class=\"alignleft wp-image-430 size-full\" style=\"border: 0pt none;\" src=\"http:\/\/www.warteckpp.ch\/fonds\/wp-content\/uploads\/2014\/05\/visarte.png\" alt=\"visarte\" width=\"178\" height=\"121\" \/> <img loading=\"lazy\" decoding=\"async\" class=\"alignright wp-image-57 size-full\" style=\"border: 0pt none;\" src=\"http:\/\/www.warteckpp.ch\/fonds\/wp-content\/uploads\/2012\/02\/wwpp.fond_.illu_.png\" alt=\"wwpp.fond.illu\" width=\"188\" height=\"73\" \/><\/p>\n","protected":false},"excerpt":{"rendered":"<p>Infotag mit Workshop f\u00fcr Basler Kunst- und Kulturschaffende Samstag, 28. Juni 2014, 10.00 \u2013 15.15 Uhr, Kaskadenkondensator Basel Eine Weiterbildungsveranstaltung von visarte Berufsverband visuelle Kunst Schweiz in Zusammenarbeit mit dem Fonds Werkraum Warteck pp Basel Mit dem richtigen Wissen geht &hellip; <a href=\"https:\/\/www.warteckpp.ch\/fonds\/die-kunst-der-steuererkaerung\">Weiterlesen <span class=\"meta-nav\">&rarr;<\/span><\/a><\/p>\n","protected":false},"author":1,"featured_media":0,"parent":0,"menu_order":0,"comment_status":"closed","ping_status":"closed","template":"","meta":{"footnotes":""},"class_list":["post-403","page","type-page","status-publish","hentry"],"_links":{"self":[{"href":"https:\/\/www.warteckpp.ch\/fonds\/wp-json\/wp\/v2\/pages\/403","targetHints":{"allow":["GET"]}}],"collection":[{"href":"https:\/\/www.warteckpp.ch\/fonds\/wp-json\/wp\/v2\/pages"}],"about":[{"href":"https:\/\/www.warteckpp.ch\/fonds\/wp-json\/wp\/v2\/types\/page"}],"author":[{"embeddable":true,"href":"https:\/\/www.warteckpp.ch\/fonds\/wp-json\/wp\/v2\/users\/1"}],"replies":[{"embeddable":true,"href":"https:\/\/www.warteckpp.ch\/fonds\/wp-json\/wp\/v2\/comments?post=403"}],"version-history":[{"count":27,"href":"https:\/\/www.warteckpp.ch\/fonds\/wp-json\/wp\/v2\/pages\/403\/revisions"}],"predecessor-version":[{"id":439,"href":"https:\/\/www.warteckpp.ch\/fonds\/wp-json\/wp\/v2\/pages\/403\/revisions\/439"}],"wp:attachment":[{"href":"https:\/\/www.warteckpp.ch\/fonds\/wp-json\/wp\/v2\/media?parent=403"}],"curies":[{"name":"wp","href":"https:\/\/api.w.org\/{rel}","templated":true}]}}