{"id":758,"date":"2023-04-05T13:36:38","date_gmt":"2023-04-05T13:36:38","guid":{"rendered":"https:\/\/www.warteckpp.ch\/fonds\/?page_id=758"},"modified":"2025-06-02T17:10:02","modified_gmt":"2025-06-02T17:10:02","slug":"fonds-2","status":"publish","type":"page","link":"https:\/\/www.warteckpp.ch\/fonds\/fonds-2","title":{"rendered":"Fonds"},"content":{"rendered":"\n<h2 class=\"wp-block-heading\">WAS:<\/h2>\n\n\n\n<p>Der Fonds WWpp unterst\u00fctzt kulturelle Projekte, die<br>\u2022 aus allen k\u00fcnstlerischen Sparten und ihren Mischungen<br>\u2022 einen Bezug zum Werkraum Warteck pp haben (personell oder ideel)<br>\u2022 einen k\u00fcnstlerischen Austausch und Begegnung f\u00f6rdern<br>\u2022 Orte und R\u00e4ume beleben und neu definieren k\u00f6nnen<br>\u2022 aus einem Nischenbereich stammen und kaum \u00f6ffentliche F\u00f6rdergelder beantragen k\u00f6nnen<br>\u2022 mit wenig finanzieller Unterst\u00fctzung viel bewirken k\u00f6nnen<\/p>\n\n\n\n<p>Der Fonds WWpp unterst\u00fctzt in der Regel nicht:<br>\u2022 Kommerzielle Unternehmungen<br>\u2022 gewinnorientierte Projekte<br>\u2022 Projekte mit grossen Budgets<br>\u2022 Projekte die bereits in Umsetzung sind<br><br><\/p>\n\n\n\n<p><\/p>\n\n\n\n<h2 class=\"wp-block-heading\">WER:<\/h2>\n\n\n\n<p>Die Fondsgruppe setzt sich aus Fachpersonen zusammen.<br>Anna Cordasco (Textil und Vermittlung), Martina B\u00f6ttiger (Bildende Kunst und Kuration), Simone Etter (Bildende Kunst und Kunstvermittlung), Zita Di Gallo (Design), Margarit Lehmann (Bildende Kunst und Durckgrafik), Muda Mathis (Bildende Kunst, Performance, Musik), Bea Nichele (Tanz und Theater) <\/p>\n\n\n\n<p>Ehemalige Mitglieder der Fonds sind: Martina Siegwolf, Philipp Olza, Marianne Papst, Danielle Harris, Florian Olloz, Maurits de Wijs, Marion Ritzmann, Nadia St\u00f6cklin, Rainer Rombach, Lorenz Wiederkehr.<\/p>\n\n\n\n<h2 class=\"wp-block-heading\">WIE:<\/h2>\n\n\n\n<p>Aufgrund von dringenden\u00a0geb\u00e4udeerhaltenden Massnahmen Im Warteck pp werden in den n\u00e4chsten drei Jahren 30\u20190000 CHF aus dem Fonds zu diesem Zweck eingesetzt werden. Weiterhin sollen j\u00e4hrlich 10\u2019000 CHF vom Fonds f\u00fcr kulturelle, gemeinschaftsf\u00f6rdernde Projekte gesprochen werden.\u00a0<\/p>\n\n\n\n<p>Eingaben mit Beitr\u00e4gen von 500.- CHF bis Fr. 1\u2019000.-CHF  k\u00f6nnen laufend eingegeben werden.\u00a0<br>Die Antr\u00e4ge werden an den Daten:\u00a0<br>18. August 2025<br>16. Februar 2026<br>von der Fachjury ausgewertet.\u00a0<br><br>Projekte, die bereits stattgefunden haben, k\u00f6nnen nicht ber\u00fccksichtigt werden.\u00a0<\/p>\n\n\n\n<p><\/p>\n","protected":false},"excerpt":{"rendered":"<p>WAS: Der Fonds WWpp unterst\u00fctzt kulturelle Projekte, die\u2022 aus allen k\u00fcnstlerischen Sparten und ihren Mischungen\u2022 einen Bezug zum Werkraum Warteck pp haben (personell oder ideel)\u2022 einen k\u00fcnstlerischen Austausch und Begegnung f\u00f6rdern\u2022 Orte und R\u00e4ume beleben und neu definieren k\u00f6nnen\u2022 aus &hellip; <a href=\"https:\/\/www.warteckpp.ch\/fonds\/fonds-2\">Weiterlesen <span class=\"meta-nav\">&rarr;<\/span><\/a><\/p>\n","protected":false},"author":1,"featured_media":0,"parent":0,"menu_order":0,"comment_status":"closed","ping_status":"closed","template":"","meta":{"footnotes":""},"class_list":["post-758","page","type-page","status-publish","hentry"],"_links":{"self":[{"href":"https:\/\/www.warteckpp.ch\/fonds\/wp-json\/wp\/v2\/pages\/758","targetHints":{"allow":["GET"]}}],"collection":[{"href":"https:\/\/www.warteckpp.ch\/fonds\/wp-json\/wp\/v2\/pages"}],"about":[{"href":"https:\/\/www.warteckpp.ch\/fonds\/wp-json\/wp\/v2\/types\/page"}],"author":[{"embeddable":true,"href":"https:\/\/www.warteckpp.ch\/fonds\/wp-json\/wp\/v2\/users\/1"}],"replies":[{"embeddable":true,"href":"https:\/\/www.warteckpp.ch\/fonds\/wp-json\/wp\/v2\/comments?post=758"}],"version-history":[{"count":17,"href":"https:\/\/www.warteckpp.ch\/fonds\/wp-json\/wp\/v2\/pages\/758\/revisions"}],"predecessor-version":[{"id":994,"href":"https:\/\/www.warteckpp.ch\/fonds\/wp-json\/wp\/v2\/pages\/758\/revisions\/994"}],"wp:attachment":[{"href":"https:\/\/www.warteckpp.ch\/fonds\/wp-json\/wp\/v2\/media?parent=758"}],"curies":[{"name":"wp","href":"https:\/\/api.w.org\/{rel}","templated":true}]}}