{"id":760,"date":"2023-04-05T13:40:25","date_gmt":"2023-04-05T13:40:25","guid":{"rendered":"https:\/\/www.warteckpp.ch\/fonds\/?page_id=760"},"modified":"2024-10-29T13:10:25","modified_gmt":"2024-10-29T13:10:25","slug":"gesuch-2","status":"publish","type":"page","link":"https:\/\/www.warteckpp.ch\/fonds\/gesuch-2","title":{"rendered":"Gesuch"},"content":{"rendered":"\n<h2 class=\"wp-block-heading\">Bedingungen<\/h2>\n\n\n\n<p>Vor Durchf\u00fchrung des Projektes:<br>\u2022 Die Unterst\u00fctzung des Fonds WWpp mit dem Logo erw\u00e4hnen (https:\/\/www.warteckpp.ch\/fonds\/fonds\/downloads)<br>\u2022 Der Fondsgruppe (<a href=\"mailto:fonds@werkraumwarteckpp.ch\">fonds@werkraumwarteckpp.ch<\/a>) Einladungen \/ Flyers zukommen zu lassen<br><br>Sp\u00e4testens einen Monat nach Durchf\u00fchrung des Projekts:<br>\u2022 einen kurzen digitalen Abschlussbericht (max. \u00bd A4 Seite und Bildmaterial)<br>\u2022 Schlussabrechnung (Aufstellung, Ausgaben und Einnahmen)<br>\u2022 Rechnung mit den Bankangaben und Adresse <\/p>\n\n\n\n<h2 class=\"wp-block-heading\">Inhalt<\/h2>\n\n\n\n<p>\u2022 Kontaktdaten: Name, Adresse, Telefon, E-Mail<br>\u2022 Beschreibung des Projekts<br>\u2022 Zeitplan (mit Ver\u00f6ffentlichungsdatum und Ort )<br>\u2022 Kurzbiografien der Mitwirkenden<br>\u2022 Budget und Finanzierungsplan mit detaillierten Angaben<br>\u2022 gew\u00fcnschter Betrag vom Fonds WWpp<\/p>\n\n\n\n<h2 class=\"wp-block-heading\">Eingabe<\/h2>\n\n\n\n<div class=\"wp-block-contact-form-7-contact-form-selector\">\n<div class=\"wpcf7 no-js\" id=\"wpcf7-f639-o1\" lang=\"de-DE\" dir=\"ltr\" data-wpcf7-id=\"639\">\n<div class=\"screen-reader-response\"><p role=\"status\" aria-live=\"polite\" aria-atomic=\"true\"><\/p> <ul><\/ul><\/div>\n<form action=\"\/fonds\/wp-json\/wp\/v2\/pages\/760#wpcf7-f639-o1\" method=\"post\" class=\"wpcf7-form init cf7skins cf7s-caspar\" aria-label=\"Kontaktformular\" enctype=\"multipart\/form-data\" novalidate=\"novalidate\" data-status=\"init\">\n<div style=\"display: none;\">\n<input type=\"hidden\" name=\"_wpcf7\" value=\"639\" \/>\n<input type=\"hidden\" name=\"_wpcf7_version\" value=\"6.0.5\" \/>\n<input type=\"hidden\" name=\"_wpcf7_locale\" value=\"de_DE\" \/>\n<input type=\"hidden\" name=\"_wpcf7_unit_tag\" value=\"wpcf7-f639-o1\" \/>\n<input type=\"hidden\" name=\"_wpcf7_container_post\" value=\"0\" \/>\n<input type=\"hidden\" name=\"_wpcf7_posted_data_hash\" value=\"\" \/>\n<\/div>\n<fieldset>\n\t<legend>Projekt<\/legend>\n\t<ol>\n\t\t<li><label for=''>Name \/ Gruppe \/ Organisation: <em class=\"cf7s-reqd\">*<\/em> <\/label><span class=\"wpcf7-form-control-wrap\" data-name=\"organisation_name\"><input size=\"40\" maxlength=\"400\" class=\"wpcf7-form-control wpcf7-text wpcf7-validates-as-required\" aria-required=\"true\" aria-invalid=\"false\" value=\"\" type=\"text\" name=\"organisation_name\" \/><\/span><\/li>\n\t\t<li><label for=''>Name der Kontaktperson: <em class=\"cf7s-reqd\">*<\/em> <\/label><span class=\"wpcf7-form-control-wrap\" data-name=\"name_kontakt\"><input size=\"40\" maxlength=\"400\" class=\"wpcf7-form-control wpcf7-text wpcf7-validates-as-required\" aria-required=\"true\" aria-invalid=\"false\" value=\"\" type=\"text\" name=\"name_kontakt\" \/><\/span><\/li>\n\t\t<li><label for=''>E-Mail der Kontaktperson: <em class=\"cf7s-reqd\">*<\/em> <\/label><span class=\"wpcf7-form-control-wrap\" data-name=\"your-email\"><input size=\"40\" maxlength=\"400\" class=\"wpcf7-form-control wpcf7-email wpcf7-validates-as-required wpcf7-text wpcf7-validates-as-email\" aria-required=\"true\" aria-invalid=\"false\" value=\"\" type=\"email\" name=\"your-email\" \/><\/span><\/li>\n\t\t<li><label for=''>Titel des Projekts: <em class=\"cf7s-reqd\">*<\/em> <\/label><span class=\"wpcf7-form-control-wrap\" data-name=\"projekt_name\"><input size=\"40\" maxlength=\"400\" class=\"wpcf7-form-control wpcf7-text wpcf7-validates-as-required\" aria-required=\"true\" aria-invalid=\"false\" value=\"\" type=\"text\" name=\"projekt_name\" \/><\/span><\/li>\n\t\t<li><label for=''>Kurzer Beschrieb des Projekts: <em class=\"cf7s-reqd\">*<\/em> <\/label><span class=\"wpcf7-form-control-wrap\" data-name=\"beschrieb\"><textarea cols=\"40\" rows=\"10\" maxlength=\"2000\" class=\"wpcf7-form-control wpcf7-textarea wpcf7-validates-as-required\" aria-required=\"true\" aria-invalid=\"false\" name=\"beschrieb\"><\/textarea><\/span><\/li>\n\t\t<li><label for=''>Website: <\/label><span class=\"wpcf7-form-control-wrap\" data-name=\"website_projekt\"><input size=\"40\" maxlength=\"400\" class=\"wpcf7-form-control wpcf7-url wpcf7-text wpcf7-validates-as-url\" aria-invalid=\"false\" value=\"\" type=\"url\" name=\"website_projekt\" \/><\/span><\/li>\n\t\t<li><label for=''>Einreichungsdatum: <em class=\"cf7s-reqd\">*<\/em> <\/label><span class=\"wpcf7-form-control-wrap\" data-name=\"einreichungsdatum\"><input class=\"wpcf7-form-control wpcf7-date wpcf7-validates-as-required wpcf7-validates-as-date\" aria-required=\"true\" aria-invalid=\"false\" value=\"\" type=\"date\" name=\"einreichungsdatum\" \/><\/span><\/li>\n\t\t<li><label for=''>Datum und Ort der Pr\u00e4sentation: <\/label><span class=\"wpcf7-form-control-wrap\" data-name=\"prasentationsdatum\"><input size=\"40\" maxlength=\"400\" class=\"wpcf7-form-control wpcf7-text\" aria-invalid=\"false\" value=\"\" type=\"text\" name=\"prasentationsdatum\" \/><\/span><\/li>\n\t\t<li><label for=''>Angefragte Summe: <em class=\"cf7s-reqd\">*<\/em> <\/label><span class=\"wpcf7-form-control-wrap\" data-name=\"summe\"><input size=\"40\" maxlength=\"400\" class=\"wpcf7-form-control wpcf7-text wpcf7-validates-as-required\" aria-required=\"true\" aria-invalid=\"false\" value=\"\" type=\"text\" name=\"summe\" \/><\/span><\/li>\n\t\t<li><label for='file'>Gesuch Upload (max. 5 MB): <\/label><span class=\"wpcf7-form-control-wrap\" data-name=\"file\"><input size=\"40\" class=\"wpcf7-form-control wpcf7-file\" accept=\".pdf,.doc,.docx,.txt\" aria-invalid=\"false\" type=\"file\" name=\"file\" \/><\/span><\/li>\n\t<\/ol>\n\t<p>\n\t\t* Required\n\t<\/p>\n<\/fieldset>\n<input class=\"wpcf7-form-control wpcf7-submit has-spinner\" type=\"submit\" value=\"Send\" \/><div class=\"wpcf7-response-output\" aria-hidden=\"true\"><\/div>\n<\/form>\n<\/div>\n<\/div>\n\n\n\n<p>Eine automatische Best\u00e4tigung ist sowohl aus technischen Gr\u00fcnden wie auch aus Gr\u00fcnden zur \u00dcberpr\u00fcfung der Angaben nicht m\u00f6glich. Wir bitten um etwas Geduld. <\/p>\n","protected":false},"excerpt":{"rendered":"<p>Bedingungen Vor Durchf\u00fchrung des Projektes:\u2022 Die Unterst\u00fctzung des Fonds WWpp mit dem Logo erw\u00e4hnen (https:\/\/www.warteckpp.ch\/fonds\/fonds\/downloads)\u2022 Der Fondsgruppe (fonds@werkraumwarteckpp.ch) Einladungen \/ Flyers zukommen zu lassen Sp\u00e4testens einen Monat nach Durchf\u00fchrung des Projekts:\u2022 einen kurzen digitalen Abschlussbericht (max. \u00bd A4 Seite und &hellip; <a href=\"https:\/\/www.warteckpp.ch\/fonds\/gesuch-2\">Weiterlesen <span class=\"meta-nav\">&rarr;<\/span><\/a><\/p>\n","protected":false},"author":1,"featured_media":0,"parent":0,"menu_order":0,"comment_status":"closed","ping_status":"closed","template":"","meta":{"footnotes":""},"class_list":["post-760","page","type-page","status-publish","hentry"],"_links":{"self":[{"href":"https:\/\/www.warteckpp.ch\/fonds\/wp-json\/wp\/v2\/pages\/760","targetHints":{"allow":["GET"]}}],"collection":[{"href":"https:\/\/www.warteckpp.ch\/fonds\/wp-json\/wp\/v2\/pages"}],"about":[{"href":"https:\/\/www.warteckpp.ch\/fonds\/wp-json\/wp\/v2\/types\/page"}],"author":[{"embeddable":true,"href":"https:\/\/www.warteckpp.ch\/fonds\/wp-json\/wp\/v2\/users\/1"}],"replies":[{"embeddable":true,"href":"https:\/\/www.warteckpp.ch\/fonds\/wp-json\/wp\/v2\/comments?post=760"}],"version-history":[{"count":16,"href":"https:\/\/www.warteckpp.ch\/fonds\/wp-json\/wp\/v2\/pages\/760\/revisions"}],"predecessor-version":[{"id":942,"href":"https:\/\/www.warteckpp.ch\/fonds\/wp-json\/wp\/v2\/pages\/760\/revisions\/942"}],"wp:attachment":[{"href":"https:\/\/www.warteckpp.ch\/fonds\/wp-json\/wp\/v2\/media?parent=760"}],"curies":[{"name":"wp","href":"https:\/\/api.w.org\/{rel}","templated":true}]}}